{"id":7250,"date":"2024-12-26T14:45:40","date_gmt":"2024-12-26T13:45:40","guid":{"rendered":"https:\/\/destinationsvinsdeprovence.com\/?page_id=7250"},"modified":"2026-01-26T18:04:27","modified_gmt":"2026-01-26T17:04:27","slug":"top-10-terre-desterel","status":"publish","type":"page","link":"https:\/\/destinationsvinsdeprovence.com\/en\/destination-terre-desterel\/parcourir-terre-desterel\/top-10-terre-desterel\/","title":{"rendered":"The Must-Sees of the Est\u00e9rel Region"},"content":{"rendered":"","protected":false},"excerpt":{"rendered":"","protected":false},"author":7,"featured_media":0,"parent":19258,"menu_order":0,"comment_status":"closed","ping_status":"closed","template":"","meta":{"_acf_changed":false,"_sitemap_exclude":false,"_sitemap_priority":"","_sitemap_frequency":"","_bb_seo_title":"Top 10 des sites incontournables de la Terre d'Est\u00e9rel","_bb_seo_meta_description":"Explorez la Terre de l'Est\u00e9rel, un paysage pr\u00e9serv\u00e9 de Provence avec le Rocher de Roquebrune, les Gorges du Blavet, Fr\u00e9jus, la Rade d'Agay, l'\u00cele d'Or et la Corniche d'Or. D\u00e9couvrez les sites naturels, historiques et culturels de cette r\u00e9gion exceptionnelle.","_bb_seo_share_image_id":0,"_bb_seo_noindex":false,"footnotes":""},"class_list":["post-7250","page","type-page","status-publish","hentry"],"acf":{"cover_surtitre":"Les Incontournables","cover_title":"Autour des vignobles : les plus beaux spots de la Terre d\u2019Est\u00e9rel","cover_intro":"Destination enchanteresse, Terre d\u2019Est\u00e9rel offre l\u2019occasion de contempler des sites naturels \u00e9blouissants\u2026 Avec ses roches volcaniques aux teintes rouge\u00e2tres, la r\u00e9gion ne manque pas d\u2019allure. D\u00e9couvrez-la \u00e0 pied et en voiture pour admirer ses vues panoramiques hautes en couleur. Du Rocher de Roquebrune au massif de l'Est\u00e9rel, en passant par Gorges du Blavet et la Corniche d\u2019Or, Terre d'Est\u00e9rel constitue un v\u00e9ritable paradis pour les amoureux de beaux paysages."},"_links":{"self":[{"href":"https:\/\/destinationsvinsdeprovence.com\/en\/wp-json\/wp\/v2\/pages\/7250","targetHints":{"allow":["GET"]}}],"collection":[{"href":"https:\/\/destinationsvinsdeprovence.com\/en\/wp-json\/wp\/v2\/pages"}],"about":[{"href":"https:\/\/destinationsvinsdeprovence.com\/en\/wp-json\/wp\/v2\/types\/page"}],"author":[{"embeddable":true,"href":"https:\/\/destinationsvinsdeprovence.com\/en\/wp-json\/wp\/v2\/users\/7"}],"replies":[{"embeddable":true,"href":"https:\/\/destinationsvinsdeprovence.com\/en\/wp-json\/wp\/v2\/comments?post=7250"}],"version-history":[{"count":13,"href":"https:\/\/destinationsvinsdeprovence.com\/en\/wp-json\/wp\/v2\/pages\/7250\/revisions"}],"predecessor-version":[{"id":28404,"href":"https:\/\/destinationsvinsdeprovence.com\/en\/wp-json\/wp\/v2\/pages\/7250\/revisions\/28404"}],"up":[{"embeddable":true,"href":"https:\/\/destinationsvinsdeprovence.com\/en\/wp-json\/wp\/v2\/pages\/19258"}],"wp:attachment":[{"href":"https:\/\/destinationsvinsdeprovence.com\/en\/wp-json\/wp\/v2\/media?parent=7250"}],"curies":[{"name":"wp","href":"https:\/\/api.w.org\/{rel}","templated":true}]}}