{"id":7254,"date":"2024-12-26T14:51:32","date_gmt":"2024-12-26T13:51:32","guid":{"rendered":"https:\/\/destinationsvinsdeprovence.com\/?page_id=7254"},"modified":"2026-01-26T17:55:58","modified_gmt":"2026-01-26T16:55:58","slug":"top-10-dracenie-provence-verdon","status":"publish","type":"page","link":"https:\/\/destinationsvinsdeprovence.com\/en\/destination-dracenie-provence-verdon\/parcourir-la-dracenie-provence-verdon\/top-10-dracenie-provence-verdon\/","title":{"rendered":"The Must-Sees \u2013 Drac\u00e9nie Provence Verdon"},"content":{"rendered":"","protected":false},"excerpt":{"rendered":"","protected":false},"author":7,"featured_media":0,"parent":19268,"menu_order":0,"comment_status":"closed","ping_status":"closed","template":"","meta":{"_acf_changed":false,"_sitemap_exclude":false,"_sitemap_priority":"","_sitemap_frequency":"","_bb_seo_title":"Top 10 des sites incontournables de la Drac\u00e9nie Provence Verdon","_bb_seo_meta_description":"D\u00e9couvrez les 10 plus belles destinations de la Drac\u00e9nie en Provence-C\u00f4te d'Azur : Chapelle Sainte-Roseline, quartier du Parage, Sillans-la-Cascade, Mus\u00e9e des Arts et Traditions Populaires, La Passerelle himalayenne, Barg\u00e8me et bien plus encore. Explorez les vignobles, les cascades et les villages pittoresques de la r\u00e9gion.","_bb_seo_share_image_id":0,"_bb_seo_noindex":false,"footnotes":""},"class_list":["post-7254","page","type-page","status-publish","hentry"],"acf":{"cover_surtitre":"Les Incontournables","cover_title":"Autour des vignobles : les plus beaux spots de la Drac\u00e9nie Provence Verdon","cover_intro":"<strong>Au c\u0153ur de la Provence varoise, la Drac\u00e9nie Provence Verdon d\u00e9voile mille et un visages surprenants.<\/strong>\r\n\r\nVillages perch\u00e9s, cascades spectaculaires, sites patrimoniaux d'exception\u2026 Le territoire invite \u00e0 la d\u00e9couverte et \u00e0 l'\u00e9merveillement. Avec ses traditions proven\u00e7ales pr\u00e9serv\u00e9es, cette destination offre un concentr\u00e9 de culture, nature et sensations. Laissez-vous guider \u00e0 travers cette liste d\u2019incontournables pour un s\u00e9jour bien rempli."},"_links":{"self":[{"href":"https:\/\/destinationsvinsdeprovence.com\/en\/wp-json\/wp\/v2\/pages\/7254","targetHints":{"allow":["GET"]}}],"collection":[{"href":"https:\/\/destinationsvinsdeprovence.com\/en\/wp-json\/wp\/v2\/pages"}],"about":[{"href":"https:\/\/destinationsvinsdeprovence.com\/en\/wp-json\/wp\/v2\/types\/page"}],"author":[{"embeddable":true,"href":"https:\/\/destinationsvinsdeprovence.com\/en\/wp-json\/wp\/v2\/users\/7"}],"replies":[{"embeddable":true,"href":"https:\/\/destinationsvinsdeprovence.com\/en\/wp-json\/wp\/v2\/comments?post=7254"}],"version-history":[{"count":10,"href":"https:\/\/destinationsvinsdeprovence.com\/en\/wp-json\/wp\/v2\/pages\/7254\/revisions"}],"predecessor-version":[{"id":28378,"href":"https:\/\/destinationsvinsdeprovence.com\/en\/wp-json\/wp\/v2\/pages\/7254\/revisions\/28378"}],"up":[{"embeddable":true,"href":"https:\/\/destinationsvinsdeprovence.com\/en\/wp-json\/wp\/v2\/pages\/19268"}],"wp:attachment":[{"href":"https:\/\/destinationsvinsdeprovence.com\/en\/wp-json\/wp\/v2\/media?parent=7254"}],"curies":[{"name":"wp","href":"https:\/\/api.w.org\/{rel}","templated":true}]}}