{"id":8333,"date":"2025-03-12T09:14:16","date_gmt":"2025-03-12T08:14:16","guid":{"rendered":"https:\/\/destinationsvinsdeprovence.com\/?page_id=8333"},"modified":"2026-01-26T18:00:14","modified_gmt":"2026-01-26T17:00:14","slug":"un-week-end-en-pays-daix-en-provence","status":"publish","type":"page","link":"https:\/\/destinationsvinsdeprovence.com\/en\/destination-pays-daix-en-provence\/parcourir-le-pays-daix-en-provence\/un-week-end-en-pays-daix-en-provence\/","title":{"rendered":"A weekend in the Aix-en-Provence region"},"content":{"rendered":"","protected":false},"excerpt":{"rendered":"","protected":false},"author":7,"featured_media":0,"parent":18398,"menu_order":0,"comment_status":"closed","ping_status":"closed","template":"","meta":{"_acf_changed":false,"_sitemap_exclude":false,"_sitemap_priority":"","_sitemap_frequency":"","_bb_seo_title":"Un week-end en Pays d'Aix-en-Provence : Itin\u00e9raire et Domaines Viticoles","_bb_seo_meta_description":"D\u00e9couvrez un itin\u00e9raire de 2 jours \u00e0 travers les vins et les paysages de Provence. Visitez Aix-en-Provence, Rognes, Paradis et Puyloubier. D\u00e9gustations, d\u00e9ambulations et d\u00e9couvertes en attendant.","_bb_seo_share_image_id":0,"_bb_seo_noindex":false,"footnotes":""},"class_list":["post-8333","page","type-page","status-publish","hentry"],"acf":{"cover_surtitre":"Pays d\u2019Aix-en-Provence","cover_title":"Un week-end en Pays d\u2019Aix-en-Provence","cover_intro":"<strong>Pr\u00e9parez-vous \u00e0 vibrer en Pays d'Aix-en-Provence, au cours d'une escapade oenotouristique dont chaque \u00e9tape vous r\u00e9serve bien des surprises.<\/strong>\r\n\r\nPlongez dans l'univers de ses domaines, laissez libre cours \u00e0 votre cr\u00e9ativit\u00e9 lors d'un atelier d'assemblage, et admirez des \u0153uvres d\u2019art install\u00e9es au beau milieu des vignes. Enfin, gardez toujours un \u0153il sur la majestueuse montagne Sainte-Victoire, muse \u00e9ternelle de Cezanne, qui veillera sur votre aventure tout au long du chemin."},"_links":{"self":[{"href":"https:\/\/destinationsvinsdeprovence.com\/en\/wp-json\/wp\/v2\/pages\/8333","targetHints":{"allow":["GET"]}}],"collection":[{"href":"https:\/\/destinationsvinsdeprovence.com\/en\/wp-json\/wp\/v2\/pages"}],"about":[{"href":"https:\/\/destinationsvinsdeprovence.com\/en\/wp-json\/wp\/v2\/types\/page"}],"author":[{"embeddable":true,"href":"https:\/\/destinationsvinsdeprovence.com\/en\/wp-json\/wp\/v2\/users\/7"}],"replies":[{"embeddable":true,"href":"https:\/\/destinationsvinsdeprovence.com\/en\/wp-json\/wp\/v2\/comments?post=8333"}],"version-history":[{"count":12,"href":"https:\/\/destinationsvinsdeprovence.com\/en\/wp-json\/wp\/v2\/pages\/8333\/revisions"}],"predecessor-version":[{"id":28383,"href":"https:\/\/destinationsvinsdeprovence.com\/en\/wp-json\/wp\/v2\/pages\/8333\/revisions\/28383"}],"up":[{"embeddable":true,"href":"https:\/\/destinationsvinsdeprovence.com\/en\/wp-json\/wp\/v2\/pages\/18398"}],"wp:attachment":[{"href":"https:\/\/destinationsvinsdeprovence.com\/en\/wp-json\/wp\/v2\/media?parent=8333"}],"curies":[{"name":"wp","href":"https:\/\/api.w.org\/{rel}","templated":true}]}}