{"id":8342,"date":"2025-03-12T09:37:47","date_gmt":"2025-03-12T08:37:47","guid":{"rendered":"https:\/\/destinationsvinsdeprovence.com\/?page_id=8342"},"modified":"2026-01-26T18:01:46","modified_gmt":"2026-01-26T17:01:46","slug":"un-week-end-en-provence-verte-et-verdon","status":"publish","type":"page","link":"https:\/\/destinationsvinsdeprovence.com\/en\/destination-provence-verte-et-verdon\/parcourir-la-provence-verte-et-verdon\/un-week-end-en-provence-verte-et-verdon\/","title":{"rendered":"A weekend in Green Provence and Verdon"},"content":{"rendered":"","protected":false},"excerpt":{"rendered":"","protected":false},"author":7,"featured_media":0,"parent":19276,"menu_order":0,"comment_status":"closed","ping_status":"closed","template":"","meta":{"_acf_changed":false,"_sitemap_exclude":false,"_sitemap_priority":"","_sitemap_frequency":"","_bb_seo_title":"Un week-end en Provence Verte et Verdon : itin\u00e9raire et domaines viticoles","_bb_seo_meta_description":"D\u00e9couvrez la Provence Verte et Verdon en 7 jours ! Ce circuit vous propose de visiter des domaines viticoles, des abbayes, des ch\u00e2teaux et des villages pittoresques. D\u00e9gustez les vins de la r\u00e9gion et profitez de paysages magnifiques.","_bb_seo_share_image_id":0,"_bb_seo_noindex":false,"footnotes":""},"class_list":["post-8342","page","type-page","status-publish","hentry"],"acf":{"cover_surtitre":"Provence Verte et Verdon","cover_title":"Un week-end en Provence Verte et Verdon","cover_intro":"<strong>Vous r\u00eavez de nature, de vignes et de ros\u00e9s ? Embarquement imm\u00e9diat pour la Provence Verte, de Saint-Maximin-la-Sainte-Baume jusqu\u2019\u00e0 Correns, pour une escapade oenotouristique en 6 \u00e9tapes.<\/strong>\r\n\r\nD\u00e9couvrez de sublimes domaines o\u00f9 l\u2019on vous contera l\u2019histoire du vignoble de Provence, et laissez-vous surprendre au d\u00e9tour d\u2019un jardin aux papillons, d\u2019une abbaye mill\u00e9naire et d\u2019une baignade dans des vasques naturelles\u2026"},"_links":{"self":[{"href":"https:\/\/destinationsvinsdeprovence.com\/en\/wp-json\/wp\/v2\/pages\/8342","targetHints":{"allow":["GET"]}}],"collection":[{"href":"https:\/\/destinationsvinsdeprovence.com\/en\/wp-json\/wp\/v2\/pages"}],"about":[{"href":"https:\/\/destinationsvinsdeprovence.com\/en\/wp-json\/wp\/v2\/types\/page"}],"author":[{"embeddable":true,"href":"https:\/\/destinationsvinsdeprovence.com\/en\/wp-json\/wp\/v2\/users\/7"}],"replies":[{"embeddable":true,"href":"https:\/\/destinationsvinsdeprovence.com\/en\/wp-json\/wp\/v2\/comments?post=8342"}],"version-history":[{"count":10,"href":"https:\/\/destinationsvinsdeprovence.com\/en\/wp-json\/wp\/v2\/pages\/8342\/revisions"}],"predecessor-version":[{"id":28388,"href":"https:\/\/destinationsvinsdeprovence.com\/en\/wp-json\/wp\/v2\/pages\/8342\/revisions\/28388"}],"up":[{"embeddable":true,"href":"https:\/\/destinationsvinsdeprovence.com\/en\/wp-json\/wp\/v2\/pages\/19276"}],"wp:attachment":[{"href":"https:\/\/destinationsvinsdeprovence.com\/en\/wp-json\/wp\/v2\/media?parent=8342"}],"curies":[{"name":"wp","href":"https:\/\/api.w.org\/{rel}","templated":true}]}}