{"id":8353,"date":"2025-03-12T10:02:14","date_gmt":"2025-03-12T09:02:14","guid":{"rendered":"https:\/\/destinationsvinsdeprovence.com\/?page_id=8353"},"modified":"2026-01-26T18:03:02","modified_gmt":"2026-01-26T17:03:02","slug":"un-week-end-autour-de-salon-de-provence","status":"publish","type":"page","link":"https:\/\/destinationsvinsdeprovence.com\/en\/destination-salon-de-provence\/parcourir-autour-de-salon-de-provence\/un-week-end-autour-de-salon-de-provence\/","title":{"rendered":"A weekend around Salon-de-Provence"},"content":{"rendered":"","protected":false},"excerpt":{"rendered":"","protected":false},"author":7,"featured_media":0,"parent":19280,"menu_order":0,"comment_status":"closed","ping_status":"closed","template":"","meta":{"_acf_changed":false,"_sitemap_exclude":false,"_sitemap_priority":"","_sitemap_frequency":"","_bb_seo_title":"Un week-end autour de Salon-de-Provence : vignobles et patrimoine","_bb_seo_meta_description":"D\u00e9couvrez un week-end exceptionnel \u00e0 Salon-de-Provence, au c\u0153ur de la Provence. Explorez 6 domaines viticoles, d\u00e9gustez des vins et huiles d'olive, visitez une savonnerie traditionnelle et plongez dans l'histoire romaine. Un itin\u00e9raire de 55 km pour une immersion totale dans le patrimoine et l'art de vivre proven\u00e7al.","_bb_seo_share_image_id":0,"_bb_seo_noindex":false,"footnotes":""},"class_list":["post-8353","page","type-page","status-publish","hentry"],"acf":{"cover_surtitre":"Salon-de-Provence","cover_title":"Un week-end autour de Salon-de-Provence","cover_intro":"Ce week-end oenotouristique vous invite \u00e0 explorer les secrets de la r\u00e9gion \u00e0 travers ses vignobles mais aussi son histoire toute particuli\u00e8re, marqu\u00e9e par le c\u00e9l\u00e8bre Nostradamus, mais aussi ses savonneries traditionnelles et son histoire militaire.\r\n\r\n<strong>D\u00e8s votre arriv\u00e9e, vous remonterez le temps en d\u00e9ambulant dans les ruelles pav\u00e9es de Salon-de-Provence qui racontent chacune une histoire.<\/strong>"},"_links":{"self":[{"href":"https:\/\/destinationsvinsdeprovence.com\/en\/wp-json\/wp\/v2\/pages\/8353","targetHints":{"allow":["GET"]}}],"collection":[{"href":"https:\/\/destinationsvinsdeprovence.com\/en\/wp-json\/wp\/v2\/pages"}],"about":[{"href":"https:\/\/destinationsvinsdeprovence.com\/en\/wp-json\/wp\/v2\/types\/page"}],"author":[{"embeddable":true,"href":"https:\/\/destinationsvinsdeprovence.com\/en\/wp-json\/wp\/v2\/users\/7"}],"replies":[{"embeddable":true,"href":"https:\/\/destinationsvinsdeprovence.com\/en\/wp-json\/wp\/v2\/comments?post=8353"}],"version-history":[{"count":13,"href":"https:\/\/destinationsvinsdeprovence.com\/en\/wp-json\/wp\/v2\/pages\/8353\/revisions"}],"predecessor-version":[{"id":28395,"href":"https:\/\/destinationsvinsdeprovence.com\/en\/wp-json\/wp\/v2\/pages\/8353\/revisions\/28395"}],"up":[{"embeddable":true,"href":"https:\/\/destinationsvinsdeprovence.com\/en\/wp-json\/wp\/v2\/pages\/19280"}],"wp:attachment":[{"href":"https:\/\/destinationsvinsdeprovence.com\/en\/wp-json\/wp\/v2\/media?parent=8353"}],"curies":[{"name":"wp","href":"https:\/\/api.w.org\/{rel}","templated":true}]}}