{"id":8378,"date":"2025-03-12T10:54:38","date_gmt":"2025-03-12T09:54:38","guid":{"rendered":"https:\/\/destinationsvinsdeprovence.com\/?page_id=8378"},"modified":"2026-01-26T17:53:50","modified_gmt":"2026-01-26T16:53:50","slug":"un-week-end-en-vignobles-de-provence-de-mediterranee","status":"publish","type":"page","link":"https:\/\/destinationsvinsdeprovence.com\/en\/destination-vignobles-de-provence-et-de-mediterranee\/parcourir-vignobles-de-provence-de-mediterranee\/un-week-end-en-vignobles-de-provence-de-mediterranee\/","title":{"rendered":"A weekend in the \u201cVineyards of Provence &amp; the Mediterranean\u201d"},"content":{"rendered":"","protected":false},"excerpt":{"rendered":"","protected":false},"author":7,"featured_media":0,"parent":19272,"menu_order":0,"comment_status":"closed","ping_status":"closed","template":"","meta":{"_acf_changed":false,"_sitemap_exclude":false,"_sitemap_priority":"","_sitemap_frequency":"","_bb_seo_title":"Un week-end dans les vignobles de Provence et de M\u00e9diterran\u00e9e","_bb_seo_meta_description":"D\u00e9couvrez un week-end exceptionnel \u00e0 travers 6 domaines viticoles en Provence et M\u00e9diterran\u00e9e. Visites guid\u00e9es, d\u00e9gustations, d\u00e9couvertes culinaires et paysages magnifiques vous attendent. Un itin\u00e9raire de 55 km pour une immersion totale dans l'univers du vin proven\u00e7al.","_bb_seo_share_image_id":0,"_bb_seo_noindex":false,"footnotes":""},"class_list":["post-8378","page","type-page","status-publish","hentry"],"acf":{"cover_surtitre":"Vignobles de Provence & de M\u00e9diterran\u00e9e","cover_title":"Un week-end en \u201cVignobles de Provence & de M\u00e9diterran\u00e9e\u201d","cover_intro":"<strong>\u00c0 la recherche d'une escapade pour allier vignobles d\u2019exception, littoral sauvage et art de vivre proven\u00e7al ?<\/strong>\r\n\r\nEmbarquez pour la destination \u201cVignobles de Provence &amp; de M\u00e9diterran\u00e9e\u201d : de ses plages de sable fin face aux \u00eeles d\u2019Or jusqu\u2019\u00e0 ses ch\u00e2teaux viticoles renomm\u00e9s, vous serez conquis par les charmes d\u2019une r\u00e9gion pr\u00e9serv\u00e9e o\u00f9 le ros\u00e9 bien frais se d\u00e9guste sur fond bleu, lov\u00e9 entre ciel et mer."},"_links":{"self":[{"href":"https:\/\/destinationsvinsdeprovence.com\/en\/wp-json\/wp\/v2\/pages\/8378","targetHints":{"allow":["GET"]}}],"collection":[{"href":"https:\/\/destinationsvinsdeprovence.com\/en\/wp-json\/wp\/v2\/pages"}],"about":[{"href":"https:\/\/destinationsvinsdeprovence.com\/en\/wp-json\/wp\/v2\/types\/page"}],"author":[{"embeddable":true,"href":"https:\/\/destinationsvinsdeprovence.com\/en\/wp-json\/wp\/v2\/users\/7"}],"replies":[{"embeddable":true,"href":"https:\/\/destinationsvinsdeprovence.com\/en\/wp-json\/wp\/v2\/comments?post=8378"}],"version-history":[{"count":14,"href":"https:\/\/destinationsvinsdeprovence.com\/en\/wp-json\/wp\/v2\/pages\/8378\/revisions"}],"predecessor-version":[{"id":28368,"href":"https:\/\/destinationsvinsdeprovence.com\/en\/wp-json\/wp\/v2\/pages\/8378\/revisions\/28368"}],"up":[{"embeddable":true,"href":"https:\/\/destinationsvinsdeprovence.com\/en\/wp-json\/wp\/v2\/pages\/19272"}],"wp:attachment":[{"href":"https:\/\/destinationsvinsdeprovence.com\/en\/wp-json\/wp\/v2\/media?parent=8378"}],"curies":[{"name":"wp","href":"https:\/\/api.w.org\/{rel}","templated":true}]}}