{"id":8387,"date":"2025-03-12T11:12:31","date_gmt":"2025-03-12T10:12:31","guid":{"rendered":"https:\/\/destinationsvinsdeprovence.com\/?page_id=8387"},"modified":"2026-01-26T18:04:44","modified_gmt":"2026-01-26T17:04:44","slug":"un-week-end-en-terre-desterel","status":"publish","type":"page","link":"https:\/\/destinationsvinsdeprovence.com\/en\/destination-terre-desterel\/parcourir-terre-desterel\/un-week-end-en-terre-desterel\/","title":{"rendered":"A weekend in the Esterel region"},"content":{"rendered":"","protected":false},"excerpt":{"rendered":"","protected":false},"author":7,"featured_media":0,"parent":19258,"menu_order":0,"comment_status":"closed","ping_status":"closed","template":"","meta":{"_acf_changed":false,"_sitemap_exclude":false,"_sitemap_priority":"","_sitemap_frequency":"","_bb_seo_title":"Un week-end en Terre d'Est\u00e9rel : Itin\u00e9raire et \u00e9tapes cl\u00e9s","_bb_seo_meta_description":"D\u00e9couvrez un itin\u00e9raire de 3 jours en Terre d'Est\u00e9rel, entre vin, gastronomie et d\u00e9tente. Visitez Roquebrune-sur-Argens, le Ch\u00e2teau Vaudois, le spa de Terre Blanche et profitez d'une nuit au Mas des Romarins. Un week-end proven\u00e7al inoubliable !","_bb_seo_share_image_id":0,"_bb_seo_noindex":false,"footnotes":""},"class_list":["post-8387","page","type-page","status-publish","hentry"],"acf":{"cover_surtitre":"Terre d\u2019Est\u00e9rel","cover_title":"Un week-end en Terre d\u2019Est\u00e9rel","cover_intro":"<strong>Entre mer azur\u00e9e et roches rougeoyantes, le territoire de Terre d'Est\u00e9rel vous promet une escapade enivrante...<\/strong>\r\n\r\nOutre ses vignobles g\u00e9n\u00e9reux que vous d\u00e9gusterez aussi bien avec le palais qu\u2019avec vos yeux, cette destination rec\u00e8le de splendeurs. De la rade d'Agay en passant par Fr\u00e9jus et Saint-Rapha\u00ebl, suivez notre recommandation d\u2019itin\u00e9raire pour aller de surprise en surprise."},"_links":{"self":[{"href":"https:\/\/destinationsvinsdeprovence.com\/en\/wp-json\/wp\/v2\/pages\/8387","targetHints":{"allow":["GET"]}}],"collection":[{"href":"https:\/\/destinationsvinsdeprovence.com\/en\/wp-json\/wp\/v2\/pages"}],"about":[{"href":"https:\/\/destinationsvinsdeprovence.com\/en\/wp-json\/wp\/v2\/types\/page"}],"author":[{"embeddable":true,"href":"https:\/\/destinationsvinsdeprovence.com\/en\/wp-json\/wp\/v2\/users\/7"}],"replies":[{"embeddable":true,"href":"https:\/\/destinationsvinsdeprovence.com\/en\/wp-json\/wp\/v2\/comments?post=8387"}],"version-history":[{"count":15,"href":"https:\/\/destinationsvinsdeprovence.com\/en\/wp-json\/wp\/v2\/pages\/8387\/revisions"}],"predecessor-version":[{"id":28405,"href":"https:\/\/destinationsvinsdeprovence.com\/en\/wp-json\/wp\/v2\/pages\/8387\/revisions\/28405"}],"up":[{"embeddable":true,"href":"https:\/\/destinationsvinsdeprovence.com\/en\/wp-json\/wp\/v2\/pages\/19258"}],"wp:attachment":[{"href":"https:\/\/destinationsvinsdeprovence.com\/en\/wp-json\/wp\/v2\/media?parent=8387"}],"curies":[{"name":"wp","href":"https:\/\/api.w.org\/{rel}","templated":true}]}}