{"id":8407,"date":"2025-03-12T12:09:57","date_gmt":"2025-03-12T11:09:57","guid":{"rendered":"https:\/\/destinationsvinsdeprovence.com\/?page_id=8407"},"modified":"2026-01-26T17:58:27","modified_gmt":"2026-01-26T16:58:27","slug":"un-week-end-en-dracenie-provence-verdon","status":"publish","type":"page","link":"https:\/\/destinationsvinsdeprovence.com\/en\/destination-dracenie-provence-verdon\/parcourir-la-dracenie-provence-verdon\/un-week-end-en-dracenie-provence-verdon\/","title":{"rendered":"A weekend in Drac\u00e9nie Provence Verdon"},"content":{"rendered":"","protected":false},"excerpt":{"rendered":"","protected":false},"author":7,"featured_media":0,"parent":19268,"menu_order":0,"comment_status":"closed","ping_status":"closed","template":"","meta":{"_acf_changed":false,"_sitemap_exclude":false,"_sitemap_priority":"","_sitemap_frequency":"","_bb_seo_title":"Un week-end en Drac\u00e9nie Provence Verdon : vignobles et d\u00e9couvertes","_bb_seo_meta_description":"D\u00e9couvrez un week-end exceptionnel en Drac\u00e9nie Provence Verdon ! Explorez 7 \u00e9tapes gourmandes et culturelles, de la d\u00e9couverte de Draguignan \u00e0 la d\u00e9tente au Ch\u00e2teau de Berne, en passant par des d\u00e9gustations de vins et des balades \u00e0 v\u00e9lo. Un voyage inoubliable au c\u0153ur de la Provence.","_bb_seo_share_image_id":0,"_bb_seo_noindex":false,"footnotes":""},"class_list":["post-8407","page","type-page","status-publish","hentry"],"acf":{"cover_surtitre":"Drac\u00e9nie Provence Verdon","cover_title":"Un week-end en Drac\u00e9nie Provence Verdon","cover_intro":"<strong>Bienvenue en Drac\u00e9nie Provence Verdon, l\u2019escapade id\u00e9ale pour un week-end oenotouristique inoubliable.\u00a0<\/strong>\r\n\r\nSur cette terre o\u00f9 le vin se marie harmonieusement avec les arts et l'histoire, pr\u00e9parez-vous \u00e0 vivre des moments m\u00e9morables : d\u00e9gustation de vins de Provence raffin\u00e9s, balade \u00e0 v\u00e9lo au milieu des vignes, d\u00e9couvertes culturelles enrichissantes et d\u00e9tente dans les plus beaux domaines viticoles de la r\u00e9gion. Suivez le guide !"},"_links":{"self":[{"href":"https:\/\/destinationsvinsdeprovence.com\/en\/wp-json\/wp\/v2\/pages\/8407","targetHints":{"allow":["GET"]}}],"collection":[{"href":"https:\/\/destinationsvinsdeprovence.com\/en\/wp-json\/wp\/v2\/pages"}],"about":[{"href":"https:\/\/destinationsvinsdeprovence.com\/en\/wp-json\/wp\/v2\/types\/page"}],"author":[{"embeddable":true,"href":"https:\/\/destinationsvinsdeprovence.com\/en\/wp-json\/wp\/v2\/users\/7"}],"replies":[{"embeddable":true,"href":"https:\/\/destinationsvinsdeprovence.com\/en\/wp-json\/wp\/v2\/comments?post=8407"}],"version-history":[{"count":14,"href":"https:\/\/destinationsvinsdeprovence.com\/en\/wp-json\/wp\/v2\/pages\/8407\/revisions"}],"predecessor-version":[{"id":28379,"href":"https:\/\/destinationsvinsdeprovence.com\/en\/wp-json\/wp\/v2\/pages\/8407\/revisions\/28379"}],"up":[{"embeddable":true,"href":"https:\/\/destinationsvinsdeprovence.com\/en\/wp-json\/wp\/v2\/pages\/19268"}],"wp:attachment":[{"href":"https:\/\/destinationsvinsdeprovence.com\/en\/wp-json\/wp\/v2\/media?parent=8407"}],"curies":[{"name":"wp","href":"https:\/\/api.w.org\/{rel}","templated":true}]}}