{"id":8451,"date":"2025-03-12T14:19:36","date_gmt":"2025-03-12T13:19:36","guid":{"rendered":"https:\/\/destinationsvinsdeprovence.com\/?page_id=8451"},"modified":"2026-03-09T09:17:53","modified_gmt":"2026-03-09T08:17:53","slug":"destination-coeur-du-var","status":"publish","type":"page","link":"https:\/\/destinationsvinsdeprovence.com\/en\/destination-coeur-du-var\/","title":{"rendered":"Destination \u2192 Heart of Var"},"content":{"rendered":"","protected":false},"excerpt":{"rendered":"","protected":false},"author":7,"featured_media":0,"parent":0,"menu_order":0,"comment_status":"closed","ping_status":"closed","template":"","meta":{"_acf_changed":false,"_sitemap_exclude":false,"_sitemap_priority":"","_sitemap_frequency":"","_bb_seo_title":"Voyage \u0153nologique au c\u0153ur des domaines varois - Destinations Vins de Provence","_bb_seo_meta_description":"D\u00e9couvrez le C\u0153ur du Var, un territoire labellis\u00e9 \u00abVignobles & D\u00e9couvertes\u00bb au c\u0153ur de Provence. Visitez des domaines, caves, abbayes et profitez de balades nature, de d\u00e9gustations et d\u2019activit\u00e9s vari\u00e9es. Planifiez votre week-end oenotouristique et explorez les incontournables de la r\u00e9gion.","_bb_seo_share_image_id":0,"_bb_seo_noindex":false,"footnotes":""},"class_list":["post-8451","page","type-page","status-publish","hentry"],"acf":{"cover_surtitre":"C\u0153ur du Var","cover_title":" Voyage au c\u0153ur de la Provence int\u00e9rieure","cover_intro":"<strong>En retrait de l\u2019effervescence du littoral et des grandes cit\u00e9s proven\u00e7ales se dissimule un joyau d\u2019authenticit\u00e9 : le C\u0153ur du Var. Un territoire plus confidentiel o\u00f9 les vignobles prosp\u00e8rent au milieu d\u2019une nature sauvage.<\/strong>\r\n\r\nLoin des sentiers battus, vous y retrouverez l\u2019essence m\u00eame de la Provence int\u00e9rieure : des domaines viticoles qui cultivent leur art de vivre en toute discr\u00e9tion. Vos h\u00f4tes se feront un plaisir de vous proposer un retour aux sources bucolique et intimiste. Entrez profiter de la fra\u00eecheur du chai, et effleurez des doigts le bois rugueux des f\u00fbts, t\u00e9moins silencieux de l'alchimie du vin en train de se faire."},"_links":{"self":[{"href":"https:\/\/destinationsvinsdeprovence.com\/en\/wp-json\/wp\/v2\/pages\/8451","targetHints":{"allow":["GET"]}}],"collection":[{"href":"https:\/\/destinationsvinsdeprovence.com\/en\/wp-json\/wp\/v2\/pages"}],"about":[{"href":"https:\/\/destinationsvinsdeprovence.com\/en\/wp-json\/wp\/v2\/types\/page"}],"author":[{"embeddable":true,"href":"https:\/\/destinationsvinsdeprovence.com\/en\/wp-json\/wp\/v2\/users\/7"}],"replies":[{"embeddable":true,"href":"https:\/\/destinationsvinsdeprovence.com\/en\/wp-json\/wp\/v2\/comments?post=8451"}],"version-history":[{"count":15,"href":"https:\/\/destinationsvinsdeprovence.com\/en\/wp-json\/wp\/v2\/pages\/8451\/revisions"}],"predecessor-version":[{"id":28801,"href":"https:\/\/destinationsvinsdeprovence.com\/en\/wp-json\/wp\/v2\/pages\/8451\/revisions\/28801"}],"wp:attachment":[{"href":"https:\/\/destinationsvinsdeprovence.com\/en\/wp-json\/wp\/v2\/media?parent=8451"}],"curies":[{"name":"wp","href":"https:\/\/api.w.org\/{rel}","templated":true}]}}