{"id":8456,"date":"2025-03-12T14:28:08","date_gmt":"2025-03-12T13:28:08","guid":{"rendered":"https:\/\/destinationsvinsdeprovence.com\/?page_id=8456"},"modified":"2026-01-26T18:00:34","modified_gmt":"2026-01-26T17:00:34","slug":"destination-provence-verte-et-verdon","status":"publish","type":"page","link":"https:\/\/destinationsvinsdeprovence.com\/en\/destination-provence-verte-et-verdon\/","title":{"rendered":"Destination \u2192 Green Provence and Verdon"},"content":{"rendered":"","protected":false},"excerpt":{"rendered":"","protected":false},"author":7,"featured_media":0,"parent":0,"menu_order":0,"comment_status":"closed","ping_status":"closed","template":"","meta":{"_acf_changed":false,"_sitemap_exclude":false,"_sitemap_priority":"","_sitemap_frequency":"","_bb_seo_title":"Oenotourisme en Provence Verte et Verdon - Destinations Vins de Provence","_bb_seo_meta_description":"D\u00e9couvrez la Provence Verte et Verdon, un \u00e9crin de vignobles, de paysages naturels et d\u2019activit\u00e9s authentiques. D\u00e9gustez des ros\u00e9s de Provence, explorez les gorges du Verdon, visitez des ch\u00e2teaux et villages pittoresques. Une escapade oenotouristique inoubliable vous attend !","_bb_seo_share_image_id":0,"_bb_seo_noindex":false,"footnotes":""},"class_list":["post-8456","page","type-page","status-publish","hentry"],"acf":{"cover_surtitre":"Provence Verte et Verdon","cover_title":"S\u00e9r\u00e9nit\u00e9 au c\u0153ur de la Provence \u00e9ternelle","cover_intro":"<strong>Sanctuaire de tranquillit\u00e9 o\u00f9 la nature harmonieuse a cr\u00e9\u00e9 un cadre r\u00eav\u00e9 pour \u00e9veiller les papilles aux saveurs des vins locaux, bienvenue en Provence Verte &amp; Verdon !\u00a0<\/strong>\r\n\r\nAdeptes du slow tourisme, mettez le cap vers ce havre de paix o\u00f9 l\u2019on vient pour arr\u00eater le temps et se reconnecter \u00e0 l\u2019essentiel. Au milieu de ses paysages verdoyants quadrill\u00e9s par les vignes abandonnez-vous \u00e0 la douceur de vivre rurale, comme une invitation \u00e0 savourer la beaut\u00e9 du pr\u00e9sent."},"_links":{"self":[{"href":"https:\/\/destinationsvinsdeprovence.com\/en\/wp-json\/wp\/v2\/pages\/8456","targetHints":{"allow":["GET"]}}],"collection":[{"href":"https:\/\/destinationsvinsdeprovence.com\/en\/wp-json\/wp\/v2\/pages"}],"about":[{"href":"https:\/\/destinationsvinsdeprovence.com\/en\/wp-json\/wp\/v2\/types\/page"}],"author":[{"embeddable":true,"href":"https:\/\/destinationsvinsdeprovence.com\/en\/wp-json\/wp\/v2\/users\/7"}],"replies":[{"embeddable":true,"href":"https:\/\/destinationsvinsdeprovence.com\/en\/wp-json\/wp\/v2\/comments?post=8456"}],"version-history":[{"count":15,"href":"https:\/\/destinationsvinsdeprovence.com\/en\/wp-json\/wp\/v2\/pages\/8456\/revisions"}],"predecessor-version":[{"id":28385,"href":"https:\/\/destinationsvinsdeprovence.com\/en\/wp-json\/wp\/v2\/pages\/8456\/revisions\/28385"}],"wp:attachment":[{"href":"https:\/\/destinationsvinsdeprovence.com\/en\/wp-json\/wp\/v2\/media?parent=8456"}],"curies":[{"name":"wp","href":"https:\/\/api.w.org\/{rel}","templated":true}]}}