{"id":8465,"date":"2025-03-12T14:38:36","date_gmt":"2025-03-12T13:38:36","guid":{"rendered":"https:\/\/destinationsvinsdeprovence.com\/?page_id=8465"},"modified":"2026-02-27T15:15:07","modified_gmt":"2026-02-27T14:15:07","slug":"destination-salon-de-provence","status":"publish","type":"page","link":"https:\/\/destinationsvinsdeprovence.com\/en\/destination-salon-de-provence\/","title":{"rendered":"Destination \u2192 Salon de Provence"},"content":{"rendered":"","protected":false},"excerpt":{"rendered":"","protected":false},"author":7,"featured_media":0,"parent":0,"menu_order":0,"comment_status":"closed","ping_status":"closed","template":"","meta":{"_acf_changed":false,"_sitemap_exclude":false,"_sitemap_priority":"","_sitemap_frequency":"","_bb_seo_title":"Oenotourisme \u00e0 Salon-de-Provence : Domaines et Caves","_bb_seo_meta_description":"D\u00e9couvrez Salon-de-Provence, un joyau de Provence, r\u00e9put\u00e9 pour ses vins rac\u00e9s, son patrimoine historique (Nostradamus, Ch\u00e2teau de l\u2019Emp\u00e9ri) et ses savonneries traditionnelles. Explorez les domaines viticoles, profitez d\u2019activit\u00e9s \u0153notouristiques et laissez-vous s\u00e9duire par l\u2019art du savon de Marseille. Visites, d\u00e9gustations et d\u00e9couvertes vous atten","_bb_seo_share_image_id":0,"_bb_seo_noindex":false,"footnotes":""},"class_list":["post-8465","page","type-page","status-publish","hentry"],"acf":{"cover_surtitre":"Salon de Provence","cover_title":"Un patrimoine intemporel \u00e0 d\u00e9guster ","cover_intro":"<strong>Du pays salonais, on connaissait d\u00e9j\u00e0 les plus beaux fleurons de l\u2019he\u0301ritage culturel provenc\u0327al : ses savonneries typiques, ses fontaines moussues, le Ch\u00e2teau de l\u2019Emp\u00e9ri, la Maison de Nostradamus, la Patrouille de France...<\/strong>\r\n\r\nMais Salon-de-Provence, c\u2019est aussi un dynamisme viticole en pleine expansion, enrichi par une offre \u0153notouristique florissante. Venez \u00e0 la rencontre de vignerons passionn\u00e9s \u00e0 l'accent chantant, qui vous ouvriront les portes de leurs domaines avec une hospitalit\u00e9 toute m\u00e9ridionale."},"_links":{"self":[{"href":"https:\/\/destinationsvinsdeprovence.com\/en\/wp-json\/wp\/v2\/pages\/8465","targetHints":{"allow":["GET"]}}],"collection":[{"href":"https:\/\/destinationsvinsdeprovence.com\/en\/wp-json\/wp\/v2\/pages"}],"about":[{"href":"https:\/\/destinationsvinsdeprovence.com\/en\/wp-json\/wp\/v2\/types\/page"}],"author":[{"embeddable":true,"href":"https:\/\/destinationsvinsdeprovence.com\/en\/wp-json\/wp\/v2\/users\/7"}],"replies":[{"embeddable":true,"href":"https:\/\/destinationsvinsdeprovence.com\/en\/wp-json\/wp\/v2\/comments?post=8465"}],"version-history":[{"count":15,"href":"https:\/\/destinationsvinsdeprovence.com\/en\/wp-json\/wp\/v2\/pages\/8465\/revisions"}],"predecessor-version":[{"id":28699,"href":"https:\/\/destinationsvinsdeprovence.com\/en\/wp-json\/wp\/v2\/pages\/8465\/revisions\/28699"}],"wp:attachment":[{"href":"https:\/\/destinationsvinsdeprovence.com\/en\/wp-json\/wp\/v2\/media?parent=8465"}],"curies":[{"name":"wp","href":"https:\/\/api.w.org\/{rel}","templated":true}]}}