{"id":8470,"date":"2025-03-12T14:53:34","date_gmt":"2025-03-12T13:53:34","guid":{"rendered":"https:\/\/destinationsvinsdeprovence.com\/?page_id=8470"},"modified":"2026-01-26T18:03:25","modified_gmt":"2026-01-26T17:03:25","slug":"destination-sud-sainte-baume","status":"publish","type":"page","link":"https:\/\/destinationsvinsdeprovence.com\/en\/destination-sud-sainte-baume\/","title":{"rendered":"Destination \u2192 South Sainte Baume"},"content":{"rendered":"","protected":false},"excerpt":{"rendered":"","protected":false},"author":7,"featured_media":0,"parent":0,"menu_order":0,"comment_status":"closed","ping_status":"closed","template":"","meta":{"_acf_changed":false,"_sitemap_exclude":false,"_sitemap_priority":"","_sitemap_frequency":"","_bb_seo_title":"Oenotourisme en Sud Sainte-Baume : Caves, Domaines et Terroir","_bb_seo_meta_description":"D\u00e9couvrez le Sud Sainte-Baume, un \u00e9crin de paysages calcaires et de vignobles exceptionnels. D\u00e9gustez l'AOP C\u00f4tes de Provence, explorez les villages perch\u00e9s, les calanques et les sites li\u00e9s \u00e0 Marcel Pagnol. Week-ends, activit\u00e9s et plus d'informations sur le tourisme et l'\u0153notourisme.","_bb_seo_share_image_id":0,"_bb_seo_noindex":false,"footnotes":""},"class_list":["post-8470","page","type-page","status-publish","hentry"],"acf":{"cover_surtitre":"Sud Sainte Baume","cover_title":"La Provence tout en reliefs","cover_intro":"<strong>Du littoral varois aux pentes escarp\u00e9es du parc naturel r\u00e9gional de la Sainte-Baume, ce territoire vallonn\u00e9 cache dans ses replis calcaires un terroir haut en couleurs.\u00a0<\/strong>\r\n\r\nPrenez de la hauteur pour rejoindre ses villages perch\u00e9s, ses points de vue remarquables et ses panoramas \u00e0 360 degr\u00e9s : levez votre verre de ros\u00e9 de Provence dans la lumi\u00e8re dor\u00e9e et admirer ses nuances d\u00e9licates scintillant sur fond bleu azur et vert garrigue. Ici, les reliefs ont engendr\u00e9 des vins riches et complexes qui puisent leur caract\u00e8re dans les courbes du paysage."},"_links":{"self":[{"href":"https:\/\/destinationsvinsdeprovence.com\/en\/wp-json\/wp\/v2\/pages\/8470","targetHints":{"allow":["GET"]}}],"collection":[{"href":"https:\/\/destinationsvinsdeprovence.com\/en\/wp-json\/wp\/v2\/pages"}],"about":[{"href":"https:\/\/destinationsvinsdeprovence.com\/en\/wp-json\/wp\/v2\/types\/page"}],"author":[{"embeddable":true,"href":"https:\/\/destinationsvinsdeprovence.com\/en\/wp-json\/wp\/v2\/users\/7"}],"replies":[{"embeddable":true,"href":"https:\/\/destinationsvinsdeprovence.com\/en\/wp-json\/wp\/v2\/comments?post=8470"}],"version-history":[{"count":15,"href":"https:\/\/destinationsvinsdeprovence.com\/en\/wp-json\/wp\/v2\/pages\/8470\/revisions"}],"predecessor-version":[{"id":28397,"href":"https:\/\/destinationsvinsdeprovence.com\/en\/wp-json\/wp\/v2\/pages\/8470\/revisions\/28397"}],"wp:attachment":[{"href":"https:\/\/destinationsvinsdeprovence.com\/en\/wp-json\/wp\/v2\/media?parent=8470"}],"curies":[{"name":"wp","href":"https:\/\/api.w.org\/{rel}","templated":true}]}}