{"id":8480,"date":"2025-03-12T15:06:05","date_gmt":"2025-03-12T14:06:05","guid":{"rendered":"https:\/\/destinationsvinsdeprovence.com\/?page_id=8480"},"modified":"2026-04-07T19:02:02","modified_gmt":"2026-04-07T17:02:02","slug":"destination-vignobles-de-provence-et-de-mediterranee","status":"publish","type":"page","link":"https:\/\/destinationsvinsdeprovence.com\/en\/destination-vignobles-de-provence-et-de-mediterranee\/","title":{"rendered":"Destination \u2192 \u00abVineyards of Provence &amp; the Mediterranean\u00bb"},"content":{"rendered":"","protected":false},"excerpt":{"rendered":"","protected":false},"author":7,"featured_media":0,"parent":0,"menu_order":0,"comment_status":"closed","ping_status":"closed","template":"","meta":{"_acf_changed":false,"_sitemap_exclude":false,"_sitemap_priority":"","_sitemap_frequency":"","_bb_seo_title":"Vignobles de Provence & de M\u00e9diterran\u00e9e : Terroirs et \u0152notourisme","_bb_seo_meta_description":"D\u00e9couvrez les AOP C\u00f4tes de Provence-La Londe et C\u00f4tes de Provence-Pierrefeu, deux terroirs viticoles prestigieux de Provence. Explorez les domaines, caves, activit\u00e9s \u0153notouristiques et profitez des plages, ch\u00e2teaux et randonn\u00e9es de la destination Vignobles de Provence & de M\u00e9diterran\u00e9e.","_bb_seo_share_image_id":0,"_bb_seo_noindex":false,"footnotes":""},"class_list":["post-8480","page","type-page","status-publish","hentry"],"acf":{"cover_surtitre":"Vignobles de Provence & de M\u00e9diterran\u00e9e","cover_title":"O\u00f9 les vignobles rencontrent la mer ","cover_intro":"<strong>Face aux vignes, la mer ! Un parfum de garrigue m\u00eal\u00e9 d\u2019iode invite \u00e0 la relaxation. Le regard se perd, d\u00e9tendu, sur l\u2019horizon o\u00f9 se dessinent les \u00eeles d\u2019Or : Porquerolles, Port-Cros et le Levant.\u00a0<\/strong>\r\n\r\nUn cadre idyllique entre terre et mer pour d\u00e9guster des ros\u00e9s de Provence gorg\u00e9s de soleil et infus\u00e9s aux embruns marins, fiers repr\u00e9sentants de l\u2019AOP C\u00f4tes de Provence. Pour une immersion totale dans ce territoire d\u00e9finitivement \u00e9picurien, profitez-en pour conjuguer \u0153no avec rando, v\u00e9lo et bateau !"},"_links":{"self":[{"href":"https:\/\/destinationsvinsdeprovence.com\/en\/wp-json\/wp\/v2\/pages\/8480","targetHints":{"allow":["GET"]}}],"collection":[{"href":"https:\/\/destinationsvinsdeprovence.com\/en\/wp-json\/wp\/v2\/pages"}],"about":[{"href":"https:\/\/destinationsvinsdeprovence.com\/en\/wp-json\/wp\/v2\/types\/page"}],"author":[{"embeddable":true,"href":"https:\/\/destinationsvinsdeprovence.com\/en\/wp-json\/wp\/v2\/users\/7"}],"replies":[{"embeddable":true,"href":"https:\/\/destinationsvinsdeprovence.com\/en\/wp-json\/wp\/v2\/comments?post=8480"}],"version-history":[{"count":18,"href":"https:\/\/destinationsvinsdeprovence.com\/en\/wp-json\/wp\/v2\/pages\/8480\/revisions"}],"predecessor-version":[{"id":28980,"href":"https:\/\/destinationsvinsdeprovence.com\/en\/wp-json\/wp\/v2\/pages\/8480\/revisions\/28980"}],"wp:attachment":[{"href":"https:\/\/destinationsvinsdeprovence.com\/en\/wp-json\/wp\/v2\/media?parent=8480"}],"curies":[{"name":"wp","href":"https:\/\/api.w.org\/{rel}","templated":true}]}}