{"id":8490,"date":"2025-03-12T15:23:40","date_gmt":"2025-03-12T14:23:40","guid":{"rendered":"https:\/\/destinationsvinsdeprovence.com\/?page_id=8490"},"modified":"2026-01-26T18:04:07","modified_gmt":"2026-01-26T17:04:07","slug":"destination-terre-desterel","status":"publish","type":"page","link":"https:\/\/destinationsvinsdeprovence.com\/en\/destination-terre-desterel\/","title":{"rendered":"Destination \u2192 Land of Esterel"},"content":{"rendered":"","protected":false},"excerpt":{"rendered":"","protected":false},"author":7,"featured_media":0,"parent":0,"menu_order":0,"comment_status":"closed","ping_status":"closed","template":"","meta":{"_acf_changed":false,"_sitemap_exclude":false,"_sitemap_priority":"","_sitemap_frequency":"","_bb_seo_title":"Vignoble de l Est\u00e9rel : vins et paysages volcaniques en Provence","_bb_seo_meta_description":"Explorez Terre d'Est\u00e9rel, un \u00e9crin de paysages volcaniques et viticoles en Provence. D\u00e9gustez des vins uniques, d\u00e9couvrez des villages perch\u00e9s, des plages magnifiques et des activit\u00e9s vari\u00e9es. Week-ends ensoleill\u00e9s, gastronomie et oenologie vous attendent !","_bb_seo_share_image_id":0,"_bb_seo_noindex":false,"footnotes":""},"class_list":["post-8490","page","type-page","status-publish","hentry"],"acf":{"cover_surtitre":"Terre d\u2019Est\u00e9rel ","cover_title":"Terre de feu, vins de passion","cover_intro":"<strong>Sous vos pieds, un sol rouge et friable, la pouzzolane volcanique, et devant, le massif de l'Est\u00e9rel qui se dresse majestueusement, sorti des profondeurs de la Terre il y a 250 millions d\u2019ann\u00e9es. C\u2019est cet ancien volcan qui conf\u00e8re une complexit\u00e9 aromatique aux vins de la r\u00e9gion.\u00a0<\/strong>\r\n\r\nDepuis des g\u00e9n\u00e9rations, les vignerons ont appris \u00e0 travailler en harmonie avec les forces de la nature. Mais c\u2019est dans leurs cuv\u00e9es qu\u2019ils expriment le mieux leur attachement \u00e0 la Provence. Chaque gorg\u00e9e est l'expression vivante d'un h\u00e9ritage, le t\u00e9moignage du lien profond entre l'homme et cette terre vibrante."},"_links":{"self":[{"href":"https:\/\/destinationsvinsdeprovence.com\/en\/wp-json\/wp\/v2\/pages\/8490","targetHints":{"allow":["GET"]}}],"collection":[{"href":"https:\/\/destinationsvinsdeprovence.com\/en\/wp-json\/wp\/v2\/pages"}],"about":[{"href":"https:\/\/destinationsvinsdeprovence.com\/en\/wp-json\/wp\/v2\/types\/page"}],"author":[{"embeddable":true,"href":"https:\/\/destinationsvinsdeprovence.com\/en\/wp-json\/wp\/v2\/users\/7"}],"replies":[{"embeddable":true,"href":"https:\/\/destinationsvinsdeprovence.com\/en\/wp-json\/wp\/v2\/comments?post=8490"}],"version-history":[{"count":15,"href":"https:\/\/destinationsvinsdeprovence.com\/en\/wp-json\/wp\/v2\/pages\/8490\/revisions"}],"predecessor-version":[{"id":28402,"href":"https:\/\/destinationsvinsdeprovence.com\/en\/wp-json\/wp\/v2\/pages\/8490\/revisions\/28402"}],"wp:attachment":[{"href":"https:\/\/destinationsvinsdeprovence.com\/en\/wp-json\/wp\/v2\/media?parent=8490"}],"curies":[{"name":"wp","href":"https:\/\/api.w.org\/{rel}","templated":true}]}}