{"id":8499,"date":"2025-03-12T15:36:08","date_gmt":"2025-03-12T14:36:08","guid":{"rendered":"https:\/\/destinationsvinsdeprovence.com\/?page_id=8499"},"modified":"2026-01-26T17:55:37","modified_gmt":"2026-01-26T16:55:37","slug":"destination-dracenie-provence-verdon","status":"publish","type":"page","link":"https:\/\/destinationsvinsdeprovence.com\/en\/destination-dracenie-provence-verdon\/","title":{"rendered":"Destination \u2192 Drac\u00e9nie Provence Verdon"},"content":{"rendered":"","protected":false},"excerpt":{"rendered":"","protected":false},"author":7,"featured_media":0,"parent":0,"menu_order":0,"comment_status":"closed","ping_status":"closed","template":"","meta":{"_acf_changed":false,"_sitemap_exclude":false,"_sitemap_priority":"","_sitemap_frequency":"","_bb_seo_title":"Domaines et caves en Drac\u00e9nie Provence Verdon","_bb_seo_meta_description":"D\u00e9couvrez la Drac\u00e9nie Provence Verdon, un paradis pour l'\u0153notourisme ! Visitez des domaines viticoles, explorez des villages pittoresques, d\u00e9gustez les grands ros\u00e9s de Provence et vivez des exp\u00e9riences uniques. Id\u00e9es week-end, incontournables et activit\u00e9s \u00e0 ne pas manquer.","_bb_seo_share_image_id":0,"_bb_seo_noindex":false,"footnotes":""},"class_list":["post-8499","page","type-page","status-publish","hentry"],"acf":{"cover_surtitre":"Drac\u00e9nie Provence Verdon","cover_title":" Une histoire qui se lit entre les vignes","cover_intro":"<strong>Explorer la Drac\u00e9nie Provence Verdon, c'est remonter le temps et plonger au c\u0153ur d\u2019un h\u00e9ritage viticole deux fois mill\u00e9naire. Au c\u0153ur de ses vignobles ancestraux, d\u00e9ambulez parmi les rangs de ceps robustes et noueux. Un parfum de thym et de romarin flotte dans l'air.\u00a0<\/strong>\r\n\r\nAu d\u00e9tour d'un chemin, un vigneron pr\u00eat \u00e0 partager son savoir-faire vous invite \u00e0 d\u00e9guster le fruit de son labeur, un nectar qui lib\u00e8re en bouche toute la richesse de ces sols de schistes et d\u2019argile. Ici, au centre du triangle d'or Provence, C\u00f4te d'Azur et Verdon, chaque gorg\u00e9e est une aventure, chaque rencontre une le\u00e7on d'histoire vivante."},"_links":{"self":[{"href":"https:\/\/destinationsvinsdeprovence.com\/en\/wp-json\/wp\/v2\/pages\/8499","targetHints":{"allow":["GET"]}}],"collection":[{"href":"https:\/\/destinationsvinsdeprovence.com\/en\/wp-json\/wp\/v2\/pages"}],"about":[{"href":"https:\/\/destinationsvinsdeprovence.com\/en\/wp-json\/wp\/v2\/types\/page"}],"author":[{"embeddable":true,"href":"https:\/\/destinationsvinsdeprovence.com\/en\/wp-json\/wp\/v2\/users\/7"}],"replies":[{"embeddable":true,"href":"https:\/\/destinationsvinsdeprovence.com\/en\/wp-json\/wp\/v2\/comments?post=8499"}],"version-history":[{"count":15,"href":"https:\/\/destinationsvinsdeprovence.com\/en\/wp-json\/wp\/v2\/pages\/8499\/revisions"}],"predecessor-version":[{"id":28376,"href":"https:\/\/destinationsvinsdeprovence.com\/en\/wp-json\/wp\/v2\/pages\/8499\/revisions\/28376"}],"wp:attachment":[{"href":"https:\/\/destinationsvinsdeprovence.com\/en\/wp-json\/wp\/v2\/media?parent=8499"}],"curies":[{"name":"wp","href":"https:\/\/api.w.org\/{rel}","templated":true}]}}