{"id":8624,"date":"2025-03-17T13:47:15","date_gmt":"2025-03-17T12:47:15","guid":{"rendered":"https:\/\/destinationsvinsdeprovence.com\/?page_id=8624"},"modified":"2025-11-21T18:35:04","modified_gmt":"2025-11-21T17:35:04","slug":"activites-pays-daix-en-provence","status":"publish","type":"page","link":"https:\/\/destinationsvinsdeprovence.com\/en\/destination-pays-daix-en-provence\/se-divertir-en-pays-daix-en-provence\/activites-pays-daix-en-provence\/","title":{"rendered":"Activities in the Aix-en-Provence region"},"content":{"rendered":"","protected":false},"excerpt":{"rendered":"","protected":false},"author":7,"featured_media":0,"parent":18560,"menu_order":0,"comment_status":"closed","ping_status":"closed","template":"listing-sit.php","meta":{"_acf_changed":false,"_sitemap_exclude":false,"_sitemap_priority":"","_sitemap_frequency":"","_bb_seo_title":"Activit\u00e9s en Pays d'Aix-en-Provence - Destinations Vins de Provence","_bb_seo_meta_description":"D\u00e9couvrez les meilleures activit\u00e9s \u0153nologiques en Provence : visites de ch\u00e2teaux, d\u00e9gustations de vins, ateliers insolites et \u00e9v\u00e9nements sp\u00e9ciaux. Explorez les domaines viticoles du Luberon, de la Camargue et de la Vall\u00e9e des Baux-de-Provence. Planifiez votre s\u00e9jour et vivez une exp\u00e9rience unique au c\u0153ur des vignes proven\u00e7ales.","_bb_seo_share_image_id":0,"_bb_seo_noindex":false,"footnotes":""},"class_list":["post-8624","page","type-page","status-publish","hentry"],"acf":{"cover_surtitre":"","cover_title":"","cover_intro":""},"_links":{"self":[{"href":"https:\/\/destinationsvinsdeprovence.com\/en\/wp-json\/wp\/v2\/pages\/8624","targetHints":{"allow":["GET"]}}],"collection":[{"href":"https:\/\/destinationsvinsdeprovence.com\/en\/wp-json\/wp\/v2\/pages"}],"about":[{"href":"https:\/\/destinationsvinsdeprovence.com\/en\/wp-json\/wp\/v2\/types\/page"}],"author":[{"embeddable":true,"href":"https:\/\/destinationsvinsdeprovence.com\/en\/wp-json\/wp\/v2\/users\/7"}],"replies":[{"embeddable":true,"href":"https:\/\/destinationsvinsdeprovence.com\/en\/wp-json\/wp\/v2\/comments?post=8624"}],"version-history":[{"count":15,"href":"https:\/\/destinationsvinsdeprovence.com\/en\/wp-json\/wp\/v2\/pages\/8624\/revisions"}],"predecessor-version":[{"id":25880,"href":"https:\/\/destinationsvinsdeprovence.com\/en\/wp-json\/wp\/v2\/pages\/8624\/revisions\/25880"}],"up":[{"embeddable":true,"href":"https:\/\/destinationsvinsdeprovence.com\/en\/wp-json\/wp\/v2\/pages\/18560"}],"wp:attachment":[{"href":"https:\/\/destinationsvinsdeprovence.com\/en\/wp-json\/wp\/v2\/media?parent=8624"}],"curies":[{"name":"wp","href":"https:\/\/api.w.org\/{rel}","templated":true}]}}