{"id":8685,"date":"2025-03-20T16:53:23","date_gmt":"2025-03-20T15:53:23","guid":{"rendered":"https:\/\/destinationsvinsdeprovence.com\/?page_id=8685"},"modified":"2026-01-26T18:06:48","modified_gmt":"2026-01-26T17:06:48","slug":"dejeuner-ou-diner","status":"publish","type":"page","link":"https:\/\/destinationsvinsdeprovence.com\/en\/dejeuner-ou-diner\/","title":{"rendered":"Lunch or dinner"},"content":{"rendered":"","protected":false},"excerpt":{"rendered":"","protected":false},"author":7,"featured_media":0,"parent":0,"menu_order":0,"comment_status":"closed","ping_status":"closed","template":"listing-sit.php","meta":{"_acf_changed":false,"_sitemap_exclude":false,"_sitemap_priority":"","_sitemap_frequency":"","_bb_seo_title":"D\u00e9jeuner ou D\u00eener en Provence - Destinations Vins de Provence","_bb_seo_meta_description":"D\u00e9couvrez les meilleurs restaurants en Provence gr\u00e2ce aux Destinations Vins de Provence. Trouvez des adresses vari\u00e9es : Caf\u00e9 Galoupet, Le Temps Suspendu, Francis Mallmann, La Bastide du Clos Des Roses et bien d'autres. Planifiez votre prochaine d\u00e9gustation et repas dans les plus beaux lieux de la r\u00e9gion.","_bb_seo_share_image_id":0,"_bb_seo_noindex":false,"footnotes":""},"class_list":["post-8685","page","type-page","status-publish","hentry"],"acf":{"cover_surtitre":"","cover_title":"","cover_intro":""},"_links":{"self":[{"href":"https:\/\/destinationsvinsdeprovence.com\/en\/wp-json\/wp\/v2\/pages\/8685","targetHints":{"allow":["GET"]}}],"collection":[{"href":"https:\/\/destinationsvinsdeprovence.com\/en\/wp-json\/wp\/v2\/pages"}],"about":[{"href":"https:\/\/destinationsvinsdeprovence.com\/en\/wp-json\/wp\/v2\/types\/page"}],"author":[{"embeddable":true,"href":"https:\/\/destinationsvinsdeprovence.com\/en\/wp-json\/wp\/v2\/users\/7"}],"replies":[{"embeddable":true,"href":"https:\/\/destinationsvinsdeprovence.com\/en\/wp-json\/wp\/v2\/comments?post=8685"}],"version-history":[{"count":6,"href":"https:\/\/destinationsvinsdeprovence.com\/en\/wp-json\/wp\/v2\/pages\/8685\/revisions"}],"predecessor-version":[{"id":28419,"href":"https:\/\/destinationsvinsdeprovence.com\/en\/wp-json\/wp\/v2\/pages\/8685\/revisions\/28419"}],"wp:attachment":[{"href":"https:\/\/destinationsvinsdeprovence.com\/en\/wp-json\/wp\/v2\/media?parent=8685"}],"curies":[{"name":"wp","href":"https:\/\/api.w.org\/{rel}","templated":true}]}}