{"id":8689,"date":"2025-03-20T16:56:26","date_gmt":"2025-03-20T15:56:26","guid":{"rendered":"https:\/\/destinationsvinsdeprovence.com\/?page_id=8689"},"modified":"2026-03-25T14:32:22","modified_gmt":"2026-03-25T13:32:22","slug":"activites-et-loisirs-toutes-destinations","status":"publish","type":"page","link":"https:\/\/destinationsvinsdeprovence.com\/en\/activites-et-loisirs-toutes-destinations\/","title":{"rendered":"Activities and leisure"},"content":{"rendered":"","protected":false},"excerpt":{"rendered":"","protected":false},"author":7,"featured_media":0,"parent":0,"menu_order":0,"comment_status":"closed","ping_status":"closed","template":"listing-sit.php","meta":{"_acf_changed":false,"_sitemap_exclude":false,"_sitemap_priority":"","_sitemap_frequency":"","_bb_seo_title":"Activit\u00e9s et Loisirs - Destinations Vins de Provence","_bb_seo_meta_description":"D\u00e9couvrez les nombreuses activit\u00e9s et visites de domaines viticoles en Provence. Visites de ch\u00e2teaux, d\u00e9gustations de Crus Class\u00e9s, ateliers insolites et bien plus encore. Explorez les offres du 01\/01\/2026 au 31\/12\/2026 et planifiez votre s\u00e9jour dans les meilleures propri\u00e9t\u00e9s viticoles de la r\u00e9gion. Trouvez votre prochaine exp\u00e9rience \u0153nologique en","_bb_seo_share_image_id":0,"_bb_seo_noindex":false,"footnotes":""},"class_list":["post-8689","page","type-page","status-publish","hentry"],"acf":{"cover_surtitre":"","cover_title":"Activit\u00e9s et loisirs","cover_intro":""},"_links":{"self":[{"href":"https:\/\/destinationsvinsdeprovence.com\/en\/wp-json\/wp\/v2\/pages\/8689","targetHints":{"allow":["GET"]}}],"collection":[{"href":"https:\/\/destinationsvinsdeprovence.com\/en\/wp-json\/wp\/v2\/pages"}],"about":[{"href":"https:\/\/destinationsvinsdeprovence.com\/en\/wp-json\/wp\/v2\/types\/page"}],"author":[{"embeddable":true,"href":"https:\/\/destinationsvinsdeprovence.com\/en\/wp-json\/wp\/v2\/users\/7"}],"replies":[{"embeddable":true,"href":"https:\/\/destinationsvinsdeprovence.com\/en\/wp-json\/wp\/v2\/comments?post=8689"}],"version-history":[{"count":15,"href":"https:\/\/destinationsvinsdeprovence.com\/en\/wp-json\/wp\/v2\/pages\/8689\/revisions"}],"predecessor-version":[{"id":28415,"href":"https:\/\/destinationsvinsdeprovence.com\/en\/wp-json\/wp\/v2\/pages\/8689\/revisions\/28415"}],"wp:attachment":[{"href":"https:\/\/destinationsvinsdeprovence.com\/en\/wp-json\/wp\/v2\/media?parent=8689"}],"curies":[{"name":"wp","href":"https:\/\/api.w.org\/{rel}","templated":true}]}}