{"id":8693,"date":"2025-03-20T17:00:08","date_gmt":"2025-03-20T16:00:08","guid":{"rendered":"https:\/\/destinationsvinsdeprovence.com\/?page_id=8693"},"modified":"2026-04-10T09:14:48","modified_gmt":"2026-04-10T07:14:48","slug":"les-domaines-toutes-destinations","status":"publish","type":"page","link":"https:\/\/destinationsvinsdeprovence.com\/en\/les-domaines-toutes-destinations\/","title":{"rendered":"Estates and cellars \u2013 all destinations"},"content":{"rendered":"","protected":false},"excerpt":{"rendered":"","protected":false},"author":7,"featured_media":0,"parent":0,"menu_order":0,"comment_status":"closed","ping_status":"closed","template":"listing-sit.php","meta":{"_acf_changed":false,"_sitemap_exclude":false,"_sitemap_priority":"","_sitemap_frequency":"","_bb_seo_title":"Les Domaines de Provence - Destinations Vins de Provence","_bb_seo_meta_description":"D\u00e9couvrez les domaines viticoles de Provence avec le CIVP. Explorez les caves de Martigues, Ramatuelle, Les Bormettes et bien d'autres. Trouvez les meilleurs domaines et producteurs de vin dans la r\u00e9gion. 1 \u00e0 12 sur 367 r\u00e9sultats.","_bb_seo_share_image_id":0,"_bb_seo_noindex":false,"footnotes":""},"class_list":["post-8693","page","type-page","status-publish","hentry"],"acf":{"cover_surtitre":"","cover_title":"Les domaines et caves","cover_intro":""},"_links":{"self":[{"href":"https:\/\/destinationsvinsdeprovence.com\/en\/wp-json\/wp\/v2\/pages\/8693","targetHints":{"allow":["GET"]}}],"collection":[{"href":"https:\/\/destinationsvinsdeprovence.com\/en\/wp-json\/wp\/v2\/pages"}],"about":[{"href":"https:\/\/destinationsvinsdeprovence.com\/en\/wp-json\/wp\/v2\/types\/page"}],"author":[{"embeddable":true,"href":"https:\/\/destinationsvinsdeprovence.com\/en\/wp-json\/wp\/v2\/users\/7"}],"replies":[{"embeddable":true,"href":"https:\/\/destinationsvinsdeprovence.com\/en\/wp-json\/wp\/v2\/comments?post=8693"}],"version-history":[{"count":16,"href":"https:\/\/destinationsvinsdeprovence.com\/en\/wp-json\/wp\/v2\/pages\/8693\/revisions"}],"predecessor-version":[{"id":29012,"href":"https:\/\/destinationsvinsdeprovence.com\/en\/wp-json\/wp\/v2\/pages\/8693\/revisions\/29012"}],"wp:attachment":[{"href":"https:\/\/destinationsvinsdeprovence.com\/en\/wp-json\/wp\/v2\/media?parent=8693"}],"curies":[{"name":"wp","href":"https:\/\/api.w.org\/{rel}","templated":true}]}}